{"id":438,"date":"2023-10-24T08:35:35","date_gmt":"2023-10-24T08:35:35","guid":{"rendered":"https:\/\/sariyildizlazer.com\/hakkimizda\/"},"modified":"2023-12-22T17:48:22","modified_gmt":"2023-12-22T17:48:22","slug":"ueber-uns","status":"publish","type":"page","link":"https:\/\/sariyildizlazer.com\/de\/ueber-uns\/","title":{"rendered":"\u00dcber uns"},"content":{"rendered":"","protected":false},"excerpt":{"rendered":"","protected":false},"author":1,"featured_media":0,"parent":0,"menu_order":0,"comment_status":"closed","ping_status":"closed","template":"page-hakkimizda.php","meta":{"footnotes":""},"class_list":["post-438","page","type-page","status-publish","hentry"],"yoast_head":"<!-- This site is optimized with the Yoast SEO plugin v25.2 - https:\/\/yoast.com\/wordpress\/plugins\/seo\/ -->\n<title>\u00dcber uns | Sar\u0131y\u0131ld\u0131z Laserschnitt<\/title>\n<meta name=\"robots\" content=\"index, follow, max-snippet:-1, max-image-preview:large, max-video-preview:-1\" \/>\n<link rel=\"canonical\" href=\"https:\/\/sariyildizlazer.com\/de\/ueber-uns\/\" \/>\n<meta property=\"og:locale\" content=\"de_DE\" \/>\n<meta property=\"og:type\" content=\"article\" \/>\n<meta property=\"og:title\" content=\"\u00dcber uns | Sar\u0131y\u0131ld\u0131z Laserschnitt\" \/>\n<meta property=\"og:url\" content=\"https:\/\/sariyildizlazer.com\/de\/ueber-uns\/\" \/>\n<meta property=\"og:site_name\" content=\"Sar\u0131y\u0131ld\u0131z Laserschnitt\" \/>\n<meta property=\"article:modified_time\" content=\"2023-12-22T17:48:22+00:00\" \/>\n<meta name=\"twitter:card\" content=\"summary_large_image\" \/>\n<script type=\"application\/ld+json\" class=\"yoast-schema-graph\">{\"@context\":\"https:\/\/schema.org\",\"@graph\":[{\"@type\":\"WebPage\",\"@id\":\"https:\/\/sariyildizlazer.com\/de\/ueber-uns\/\",\"url\":\"https:\/\/sariyildizlazer.com\/de\/ueber-uns\/\",\"name\":\"\u00dcber uns | Sar\u0131y\u0131ld\u0131z Laserschnitt\",\"isPartOf\":{\"@id\":\"https:\/\/sariyildizlazer.com\/de\/#website\"},\"datePublished\":\"2023-10-24T08:35:35+00:00\",\"dateModified\":\"2023-12-22T17:48:22+00:00\",\"breadcrumb\":{\"@id\":\"https:\/\/sariyildizlazer.com\/de\/ueber-uns\/#breadcrumb\"},\"inLanguage\":\"de\",\"potentialAction\":[{\"@type\":\"ReadAction\",\"target\":[\"https:\/\/sariyildizlazer.com\/de\/ueber-uns\/\"]}]},{\"@type\":\"BreadcrumbList\",\"@id\":\"https:\/\/sariyildizlazer.com\/de\/ueber-uns\/#breadcrumb\",\"itemListElement\":[{\"@type\":\"ListItem\",\"position\":1,\"name\":\"Startseite\",\"item\":\"https:\/\/sariyildizlazer.com\/de\/\"},{\"@type\":\"ListItem\",\"position\":2,\"name\":\"\u00dcber uns\"}]},{\"@type\":\"WebSite\",\"@id\":\"https:\/\/sariyildizlazer.com\/de\/#website\",\"url\":\"https:\/\/sariyildizlazer.com\/de\/\",\"name\":\"Sar\u0131y\u0131ld\u0131z Lazer\",\"description\":\"Sar\u0131y\u0131ld\u0131z CNC-Laserschneiden Maximale Qualit\u00e4t Angemessener Preis\\n\\n\",\"publisher\":{\"@id\":\"https:\/\/sariyildizlazer.com\/de\/#organization\"},\"alternateName\":\"Sar\u0131y\u0131ld\u0131z Lazer\",\"potentialAction\":[{\"@type\":\"SearchAction\",\"target\":{\"@type\":\"EntryPoint\",\"urlTemplate\":\"https:\/\/sariyildizlazer.com\/de\/?s={search_term_string}\"},\"query-input\":{\"@type\":\"PropertyValueSpecification\",\"valueRequired\":true,\"valueName\":\"search_term_string\"}}],\"inLanguage\":\"de\"},{\"@type\":\"Organization\",\"@id\":\"https:\/\/sariyildizlazer.com\/de\/#organization\",\"name\":\"Sar\u0131y\u0131ld\u0131z Laserschnitt\",\"url\":\"https:\/\/sariyildizlazer.com\/de\/\",\"logo\":{\"@type\":\"ImageObject\",\"inLanguage\":\"de\",\"@id\":\"https:\/\/sariyildizlazer.com\/de\/#\/schema\/logo\/image\/\",\"url\":\"https:\/\/sariyildizlazer.com\/wp-content\/uploads\/2023\/12\/sariyildiz-logo-black.png\",\"contentUrl\":\"https:\/\/sariyildizlazer.com\/wp-content\/uploads\/2023\/12\/sariyildiz-logo-black.png\",\"width\":208,\"height\":60,\"caption\":\"Sar\u0131y\u0131ld\u0131z Laserschnitt\"},\"image\":{\"@id\":\"https:\/\/sariyildizlazer.com\/de\/#\/schema\/logo\/image\/\"}}]}<\/script>\n<!-- \/ Yoast SEO plugin. -->","yoast_head_json":{"title":"\u00dcber uns | Sar\u0131y\u0131ld\u0131z Laserschnitt","robots":{"index":"index","follow":"follow","max-snippet":"max-snippet:-1","max-image-preview":"max-image-preview:large","max-video-preview":"max-video-preview:-1"},"canonical":"https:\/\/sariyildizlazer.com\/de\/ueber-uns\/","og_locale":"de_DE","og_type":"article","og_title":"\u00dcber uns | Sar\u0131y\u0131ld\u0131z Laserschnitt","og_url":"https:\/\/sariyildizlazer.com\/de\/ueber-uns\/","og_site_name":"Sar\u0131y\u0131ld\u0131z Laserschnitt","article_modified_time":"2023-12-22T17:48:22+00:00","twitter_card":"summary_large_image","schema":{"@context":"https:\/\/schema.org","@graph":[{"@type":"WebPage","@id":"https:\/\/sariyildizlazer.com\/de\/ueber-uns\/","url":"https:\/\/sariyildizlazer.com\/de\/ueber-uns\/","name":"\u00dcber uns | Sar\u0131y\u0131ld\u0131z Laserschnitt","isPartOf":{"@id":"https:\/\/sariyildizlazer.com\/de\/#website"},"datePublished":"2023-10-24T08:35:35+00:00","dateModified":"2023-12-22T17:48:22+00:00","breadcrumb":{"@id":"https:\/\/sariyildizlazer.com\/de\/ueber-uns\/#breadcrumb"},"inLanguage":"de","potentialAction":[{"@type":"ReadAction","target":["https:\/\/sariyildizlazer.com\/de\/ueber-uns\/"]}]},{"@type":"BreadcrumbList","@id":"https:\/\/sariyildizlazer.com\/de\/ueber-uns\/#breadcrumb","itemListElement":[{"@type":"ListItem","position":1,"name":"Startseite","item":"https:\/\/sariyildizlazer.com\/de\/"},{"@type":"ListItem","position":2,"name":"\u00dcber uns"}]},{"@type":"WebSite","@id":"https:\/\/sariyildizlazer.com\/de\/#website","url":"https:\/\/sariyildizlazer.com\/de\/","name":"Sar\u0131y\u0131ld\u0131z Lazer","description":"Sar\u0131y\u0131ld\u0131z CNC-Laserschneiden Maximale Qualit\u00e4t Angemessener Preis\n\n","publisher":{"@id":"https:\/\/sariyildizlazer.com\/de\/#organization"},"alternateName":"Sar\u0131y\u0131ld\u0131z Lazer","potentialAction":[{"@type":"SearchAction","target":{"@type":"EntryPoint","urlTemplate":"https:\/\/sariyildizlazer.com\/de\/?s={search_term_string}"},"query-input":{"@type":"PropertyValueSpecification","valueRequired":true,"valueName":"search_term_string"}}],"inLanguage":"de"},{"@type":"Organization","@id":"https:\/\/sariyildizlazer.com\/de\/#organization","name":"Sar\u0131y\u0131ld\u0131z Laserschnitt","url":"https:\/\/sariyildizlazer.com\/de\/","logo":{"@type":"ImageObject","inLanguage":"de","@id":"https:\/\/sariyildizlazer.com\/de\/#\/schema\/logo\/image\/","url":"https:\/\/sariyildizlazer.com\/wp-content\/uploads\/2023\/12\/sariyildiz-logo-black.png","contentUrl":"https:\/\/sariyildizlazer.com\/wp-content\/uploads\/2023\/12\/sariyildiz-logo-black.png","width":208,"height":60,"caption":"Sar\u0131y\u0131ld\u0131z Laserschnitt"},"image":{"@id":"https:\/\/sariyildizlazer.com\/de\/#\/schema\/logo\/image\/"}}]}},"_links":{"self":[{"href":"https:\/\/sariyildizlazer.com\/de\/wp-json\/wp\/v2\/pages\/438","targetHints":{"allow":["GET"]}}],"collection":[{"href":"https:\/\/sariyildizlazer.com\/de\/wp-json\/wp\/v2\/pages"}],"about":[{"href":"https:\/\/sariyildizlazer.com\/de\/wp-json\/wp\/v2\/types\/page"}],"author":[{"embeddable":true,"href":"https:\/\/sariyildizlazer.com\/de\/wp-json\/wp\/v2\/users\/1"}],"replies":[{"embeddable":true,"href":"https:\/\/sariyildizlazer.com\/de\/wp-json\/wp\/v2\/comments?post=438"}],"version-history":[{"count":2,"href":"https:\/\/sariyildizlazer.com\/de\/wp-json\/wp\/v2\/pages\/438\/revisions"}],"predecessor-version":[{"id":463,"href":"https:\/\/sariyildizlazer.com\/de\/wp-json\/wp\/v2\/pages\/438\/revisions\/463"}],"wp:attachment":[{"href":"https:\/\/sariyildizlazer.com\/de\/wp-json\/wp\/v2\/media?parent=438"}],"curies":[{"name":"wp","href":"https:\/\/api.w.org\/{rel}","templated":true}]}}