{"id":446,"date":"2023-12-14T11:20:14","date_gmt":"2023-12-14T11:20:14","guid":{"rendered":"https:\/\/sariyildizlazer.com\/katalog\/"},"modified":"2024-03-06T10:13:46","modified_gmt":"2024-03-06T10:13:46","slug":"katalog","status":"publish","type":"page","link":"https:\/\/sariyildizlazer.com\/de\/katalog\/","title":{"rendered":"Katalog"},"content":{"rendered":"<div class=\"_df_book df-lite\" id=\"df_483\"  _slug=\"en-katalog\" data-title=\"en-katalog\" wpoptions=\"true\" thumbtype=\"\" ><\/div><script class=\"df-shortcode-script\" nowprocket type=\"application\/javascript\">window.option_df_483 = {\"outline\":[],\"autoEnableOutline\":\"false\",\"autoEnableThumbnail\":\"false\",\"overwritePDFOutline\":\"false\",\"direction\":\"1\",\"pageSize\":\"0\",\"source\":\"https:\\\/\\\/sariyildizlazer.com\\\/wp-content\\\/uploads\\\/2024\\\/03\\\/Baski-Sariyildiz-Catalog.pdf\",\"wpOptions\":\"true\"}; if(window.DFLIP && window.DFLIP.parseBooks){window.DFLIP.parseBooks();}<\/script>\n","protected":false},"excerpt":{"rendered":"","protected":false},"author":1,"featured_media":0,"parent":0,"menu_order":0,"comment_status":"closed","ping_status":"closed","template":"","meta":{"footnotes":""},"class_list":["post-446","page","type-page","status-publish","hentry"],"yoast_head":"<!-- This site is optimized with the Yoast SEO plugin v25.2 - https:\/\/yoast.com\/wordpress\/plugins\/seo\/ -->\n<title>Katalog | Sar\u0131y\u0131ld\u0131z Laserschnitt<\/title>\n<meta name=\"robots\" content=\"index, follow, max-snippet:-1, max-image-preview:large, max-video-preview:-1\" \/>\n<link rel=\"canonical\" href=\"https:\/\/sariyildizlazer.com\/de\/katalog\/\" \/>\n<meta property=\"og:locale\" content=\"de_DE\" \/>\n<meta property=\"og:type\" content=\"article\" \/>\n<meta property=\"og:title\" content=\"Katalog | Sar\u0131y\u0131ld\u0131z Laserschnitt\" \/>\n<meta property=\"og:url\" content=\"https:\/\/sariyildizlazer.com\/de\/katalog\/\" \/>\n<meta property=\"og:site_name\" content=\"Sar\u0131y\u0131ld\u0131z Laserschnitt\" \/>\n<meta property=\"article:modified_time\" content=\"2024-03-06T10:13:46+00:00\" \/>\n<meta name=\"twitter:card\" content=\"summary_large_image\" \/>\n<meta name=\"twitter:label1\" content=\"Gesch\u00e4tzte Lesezeit\" \/>\n\t<meta name=\"twitter:data1\" content=\"1\u00a0Minute\" \/>\n<script type=\"application\/ld+json\" class=\"yoast-schema-graph\">{\"@context\":\"https:\/\/schema.org\",\"@graph\":[{\"@type\":\"WebPage\",\"@id\":\"https:\/\/sariyildizlazer.com\/de\/katalog\/\",\"url\":\"https:\/\/sariyildizlazer.com\/de\/katalog\/\",\"name\":\"Katalog | Sar\u0131y\u0131ld\u0131z Laserschnitt\",\"isPartOf\":{\"@id\":\"https:\/\/sariyildizlazer.com\/de\/#website\"},\"datePublished\":\"2023-12-14T11:20:14+00:00\",\"dateModified\":\"2024-03-06T10:13:46+00:00\",\"breadcrumb\":{\"@id\":\"https:\/\/sariyildizlazer.com\/de\/katalog\/#breadcrumb\"},\"inLanguage\":\"de\",\"potentialAction\":[{\"@type\":\"ReadAction\",\"target\":[\"https:\/\/sariyildizlazer.com\/de\/katalog\/\"]}]},{\"@type\":\"BreadcrumbList\",\"@id\":\"https:\/\/sariyildizlazer.com\/de\/katalog\/#breadcrumb\",\"itemListElement\":[{\"@type\":\"ListItem\",\"position\":1,\"name\":\"Startseite\",\"item\":\"https:\/\/sariyildizlazer.com\/de\/\"},{\"@type\":\"ListItem\",\"position\":2,\"name\":\"Katalog\"}]},{\"@type\":\"WebSite\",\"@id\":\"https:\/\/sariyildizlazer.com\/de\/#website\",\"url\":\"https:\/\/sariyildizlazer.com\/de\/\",\"name\":\"Sar\u0131y\u0131ld\u0131z Lazer\",\"description\":\"Sar\u0131y\u0131ld\u0131z CNC-Laserschneiden Maximale Qualit\u00e4t Angemessener Preis\\n\\n\",\"publisher\":{\"@id\":\"https:\/\/sariyildizlazer.com\/de\/#organization\"},\"alternateName\":\"Sar\u0131y\u0131ld\u0131z Lazer\",\"potentialAction\":[{\"@type\":\"SearchAction\",\"target\":{\"@type\":\"EntryPoint\",\"urlTemplate\":\"https:\/\/sariyildizlazer.com\/de\/?s={search_term_string}\"},\"query-input\":{\"@type\":\"PropertyValueSpecification\",\"valueRequired\":true,\"valueName\":\"search_term_string\"}}],\"inLanguage\":\"de\"},{\"@type\":\"Organization\",\"@id\":\"https:\/\/sariyildizlazer.com\/de\/#organization\",\"name\":\"Sar\u0131y\u0131ld\u0131z Laserschnitt\",\"url\":\"https:\/\/sariyildizlazer.com\/de\/\",\"logo\":{\"@type\":\"ImageObject\",\"inLanguage\":\"de\",\"@id\":\"https:\/\/sariyildizlazer.com\/de\/#\/schema\/logo\/image\/\",\"url\":\"https:\/\/sariyildizlazer.com\/wp-content\/uploads\/2023\/12\/sariyildiz-logo-black.png\",\"contentUrl\":\"https:\/\/sariyildizlazer.com\/wp-content\/uploads\/2023\/12\/sariyildiz-logo-black.png\",\"width\":208,\"height\":60,\"caption\":\"Sar\u0131y\u0131ld\u0131z Laserschnitt\"},\"image\":{\"@id\":\"https:\/\/sariyildizlazer.com\/de\/#\/schema\/logo\/image\/\"}}]}<\/script>\n<!-- \/ Yoast SEO plugin. -->","yoast_head_json":{"title":"Katalog | Sar\u0131y\u0131ld\u0131z Laserschnitt","robots":{"index":"index","follow":"follow","max-snippet":"max-snippet:-1","max-image-preview":"max-image-preview:large","max-video-preview":"max-video-preview:-1"},"canonical":"https:\/\/sariyildizlazer.com\/de\/katalog\/","og_locale":"de_DE","og_type":"article","og_title":"Katalog | Sar\u0131y\u0131ld\u0131z Laserschnitt","og_url":"https:\/\/sariyildizlazer.com\/de\/katalog\/","og_site_name":"Sar\u0131y\u0131ld\u0131z Laserschnitt","article_modified_time":"2024-03-06T10:13:46+00:00","twitter_card":"summary_large_image","twitter_misc":{"Gesch\u00e4tzte Lesezeit":"1\u00a0Minute"},"schema":{"@context":"https:\/\/schema.org","@graph":[{"@type":"WebPage","@id":"https:\/\/sariyildizlazer.com\/de\/katalog\/","url":"https:\/\/sariyildizlazer.com\/de\/katalog\/","name":"Katalog | Sar\u0131y\u0131ld\u0131z Laserschnitt","isPartOf":{"@id":"https:\/\/sariyildizlazer.com\/de\/#website"},"datePublished":"2023-12-14T11:20:14+00:00","dateModified":"2024-03-06T10:13:46+00:00","breadcrumb":{"@id":"https:\/\/sariyildizlazer.com\/de\/katalog\/#breadcrumb"},"inLanguage":"de","potentialAction":[{"@type":"ReadAction","target":["https:\/\/sariyildizlazer.com\/de\/katalog\/"]}]},{"@type":"BreadcrumbList","@id":"https:\/\/sariyildizlazer.com\/de\/katalog\/#breadcrumb","itemListElement":[{"@type":"ListItem","position":1,"name":"Startseite","item":"https:\/\/sariyildizlazer.com\/de\/"},{"@type":"ListItem","position":2,"name":"Katalog"}]},{"@type":"WebSite","@id":"https:\/\/sariyildizlazer.com\/de\/#website","url":"https:\/\/sariyildizlazer.com\/de\/","name":"Sar\u0131y\u0131ld\u0131z Lazer","description":"Sar\u0131y\u0131ld\u0131z CNC-Laserschneiden Maximale Qualit\u00e4t Angemessener Preis\n\n","publisher":{"@id":"https:\/\/sariyildizlazer.com\/de\/#organization"},"alternateName":"Sar\u0131y\u0131ld\u0131z Lazer","potentialAction":[{"@type":"SearchAction","target":{"@type":"EntryPoint","urlTemplate":"https:\/\/sariyildizlazer.com\/de\/?s={search_term_string}"},"query-input":{"@type":"PropertyValueSpecification","valueRequired":true,"valueName":"search_term_string"}}],"inLanguage":"de"},{"@type":"Organization","@id":"https:\/\/sariyildizlazer.com\/de\/#organization","name":"Sar\u0131y\u0131ld\u0131z Laserschnitt","url":"https:\/\/sariyildizlazer.com\/de\/","logo":{"@type":"ImageObject","inLanguage":"de","@id":"https:\/\/sariyildizlazer.com\/de\/#\/schema\/logo\/image\/","url":"https:\/\/sariyildizlazer.com\/wp-content\/uploads\/2023\/12\/sariyildiz-logo-black.png","contentUrl":"https:\/\/sariyildizlazer.com\/wp-content\/uploads\/2023\/12\/sariyildiz-logo-black.png","width":208,"height":60,"caption":"Sar\u0131y\u0131ld\u0131z Laserschnitt"},"image":{"@id":"https:\/\/sariyildizlazer.com\/de\/#\/schema\/logo\/image\/"}}]}},"_links":{"self":[{"href":"https:\/\/sariyildizlazer.com\/de\/wp-json\/wp\/v2\/pages\/446","targetHints":{"allow":["GET"]}}],"collection":[{"href":"https:\/\/sariyildizlazer.com\/de\/wp-json\/wp\/v2\/pages"}],"about":[{"href":"https:\/\/sariyildizlazer.com\/de\/wp-json\/wp\/v2\/types\/page"}],"author":[{"embeddable":true,"href":"https:\/\/sariyildizlazer.com\/de\/wp-json\/wp\/v2\/users\/1"}],"replies":[{"embeddable":true,"href":"https:\/\/sariyildizlazer.com\/de\/wp-json\/wp\/v2\/comments?post=446"}],"version-history":[{"count":2,"href":"https:\/\/sariyildizlazer.com\/de\/wp-json\/wp\/v2\/pages\/446\/revisions"}],"predecessor-version":[{"id":489,"href":"https:\/\/sariyildizlazer.com\/de\/wp-json\/wp\/v2\/pages\/446\/revisions\/489"}],"wp:attachment":[{"href":"https:\/\/sariyildizlazer.com\/de\/wp-json\/wp\/v2\/media?parent=446"}],"curies":[{"name":"wp","href":"https:\/\/api.w.org\/{rel}","templated":true}]}}